{"id":248309,"date":"2023-11-29T07:52:29","date_gmt":"2023-11-29T06:52:29","guid":{"rendered":"https:\/\/bliss-shop.ch\/privacy-policy\/"},"modified":"2026-03-08T14:31:02","modified_gmt":"2026-03-08T13:31:02","slug":"privacy-policy","status":"publish","type":"page","link":"https:\/\/bliss-shop.ch\/en\/privacy-policy\/","title":{"rendered":"Privacy policy"},"content":{"rendered":"<p>\n&#13;\n<p>\u00a0<\/p>&#13;\n<p><strong>Wir nehmen Datenschutz ernst und halten so wenig Daten wie m\u00f6glich von unseren Kund:innen fest.<br\/><\/strong>Ganz ohne geht es leider nicht, denn wir kommunizieren ja zusammen. Bei Bestellungen halten wir die Bestelldaten fest, welche auf der Bestellung aufgef\u00fchrt sind. Bei Fragen zur Verwendung Ihrer Daten k\u00f6nnen Sie sich immer via info@bliss-shop.ch an uns wenden und wir geben gerne Auskunft.<\/p>&#13;\n<p><\/p>&#13;\n<p><strong>Cookies<br\/><\/strong>Falls Sie \u00fcber ein Konto auf bliss-shop.ch verf\u00fcgen und sich auf unserer Website anmelden, werden wir ein tempor\u00e4res Cookie setzen, um festzustellen, ob Ihre Browser Cookies akzeptiert. Dieses Cookie enth\u00e4lt keine personenbezogenen Daten und wird verworfen, wenn Sie Ihren Browser schliessen.<\/p>&#13;\n<p><\/p>&#13;\n<p>When you log in, we will set up some cookies to store your login information and display options. Login cookies expire after two days and cookies for display options after one year. If you select &#8220;Stay logged in&#8221; when you log in, your login will be maintained for two weeks. When you log out of your account, the login cookies are deleted.   <\/p>&#13;\n<p>We use performance cookies from Google Analytics to maintain session status and distinguish unique users. We also use third-party cookies such as DoubleClick for advertising information and YouTube for tracking video views and user preferences. <\/p>&#13;\n<p><\/p>&#13;\n<p><strong>Mit wem wir Ihre Daten teilen<br\/><\/strong>Wenn Sie eine Zur\u00fccksetzung Ihres Passwortes auf bliss-shop.ch beantragen, wird Ihre IP-Adresse in der von unserer Website automatisch generierten E-Mail zur Zur\u00fccksetzung enthalten sein.<\/p>&#13;\n<p><\/p>&#13;\n<p>For users who register on our website, we also store the personal information provided in the respective user profile. All users can view, change or delete their personal information after logging in to bliss-shop.ch (the user name cannot be changed). BLISS administrators of the website can also view and change this information, with the exception of the password.  <\/p>&#13;\n<p><\/p>&#13;\n<p><strong>Welche Rechte Sie an Ihren Daten haben<br\/><\/strong>Wenn Sie ein Konto auf dieser Website besitzen und\/oder Kommentare geschrieben haben, k\u00f6nnen Sie einen Export der personenbezogenen Daten via info@bliss-shop.ch anfordern, inklusive aller Daten, die Sie uns mitgeteilt haben. Dar\u00fcber hinaus k\u00f6nnen Sie die L\u00f6schung aller personenbezogenen Daten, die wir von Ihnen gespeichert haben, bei uns anfordern. Dies umfasst nicht die Daten, die wir aufgrund administrativer, rechtlicher oder sicherheitsrelevanter Notwendigkeiten aufbewahren m\u00fcssen.<\/p>&#13;\n<p><\/p>&#13;\n<p><\/p>&#13;\n<p><strong>Bestellvorgang<br\/><\/strong>Wir betreiben auf bliss-shop.ch einen Online-Shop. Im Rahmen des Bestellvorgangs erheben wir notwendige Daten wie Ihren Namen, Adresse, E-Mail-Adresse und weitere Informationen, die f\u00fcr die Abwicklung Ihrer Bestellung erforderlich sind. Diese Daten werden ausschliesslich f\u00fcr die Abwicklung Ihrer Bestellung und die damit verbundene Kundenbetreuung verwendet und nicht an Dritte weitergegeben, es sei denn, dies ist zur Abwicklung der Bestellung oder aufgrund gesetzlicher Vorschriften erforderlich.<\/p>&#13;\n<p><\/p><\/p>\n","protected":false},"excerpt":{"rendered":"<p>&#13; \u00a0 &#13; Wir nehmen Datenschutz ernst und halten so wenig Daten wie m\u00f6glich von unseren Kund:innen fest.Ganz ohne geht es leider nicht, denn wir kommunizieren ja zusammen. Bei Bestellungen halten wir die Bestelldaten fest, welche auf der Bestellung aufgef\u00fchrt sind. Bei Fragen zur Verwendung Ihrer Daten k\u00f6nnen Sie sich immer via info@bliss-shop.ch an uns  [&#8230;]<\/p>\n","protected":false},"author":983,"featured_media":0,"parent":0,"menu_order":0,"comment_status":"closed","ping_status":"closed","template":"","meta":{"_acf_changed":false,"footnotes":""},"class_list":["post-248309","page","type-page","status-publish","hentry"],"acf":[],"_links":{"self":[{"href":"https:\/\/bliss-shop.ch\/en\/wp-json\/wp\/v2\/pages\/248309","targetHints":{"allow":["GET"]}}],"collection":[{"href":"https:\/\/bliss-shop.ch\/en\/wp-json\/wp\/v2\/pages"}],"about":[{"href":"https:\/\/bliss-shop.ch\/en\/wp-json\/wp\/v2\/types\/page"}],"author":[{"embeddable":true,"href":"https:\/\/bliss-shop.ch\/en\/wp-json\/wp\/v2\/users\/983"}],"replies":[{"embeddable":true,"href":"https:\/\/bliss-shop.ch\/en\/wp-json\/wp\/v2\/comments?post=248309"}],"version-history":[{"count":3,"href":"https:\/\/bliss-shop.ch\/en\/wp-json\/wp\/v2\/pages\/248309\/revisions"}],"predecessor-version":[{"id":248314,"href":"https:\/\/bliss-shop.ch\/en\/wp-json\/wp\/v2\/pages\/248309\/revisions\/248314"}],"wp:attachment":[{"href":"https:\/\/bliss-shop.ch\/en\/wp-json\/wp\/v2\/media?parent=248309"}],"curies":[{"name":"wp","href":"https:\/\/api.w.org\/{rel}","templated":true}]}}